{"id":13732,"date":"2022-05-29T11:29:17","date_gmt":"2022-05-29T10:29:17","guid":{"rendered":"https:\/\/www.bemediatic.com\/jobs\/"},"modified":"2023-03-21T17:08:06","modified_gmt":"2023-03-21T16:08:06","slug":"jobs","status":"publish","type":"page","link":"https:\/\/www.bemediatic.com\/es\/jobs\/","title":{"rendered":"Jobs"},"content":{"rendered":"<p>[vc_row luminosity=\u00bblight\u00bb bg_position=\u00bbcustom\u00bb css=\u00bb.vc_custom_1676475298282{padding-top: 140px !important;padding-bottom: 140px !important;background-color: #ffffff !important;background-position: 0 0 !important;background-repeat: no-repeat !important;}\u00bb responsive_css=\u00bbpadding_top_medium:175px\u00bb bg_pos_h=\u00bb0%\u00bb bg_pos_v=\u00bb100px\u00bb el_id=\u00bbsectiononeinjobs\u00bb][vc_column responsive_align=\u00bbtext-center\u00bb el_class=\u00bbz-index-2&#8243;]<style>#customtitleheader h1{color:rgb(0, 0, 0);}@media (min-width: 768px) { .ld_fancy_heading_69defa8d6d33e h1 {font-size:8vw; }  } @media (min-width: 992px) { .ld_fancy_heading_69defa8d6d33e h1 {font-size:86px; }  } @media (min-width: 1200px) { .ld_fancy_heading_69defa8d6d33e h1 {font-size:76px; }  } .ld_fancy_heading_69defa8d6d33e h1 {line-height:1.1em; } @media (min-width: 992px) { .ld_fancy_heading_69defa8d6d33e h1 {line-height:101px; }  } @media (min-width: 1200px) { .ld_fancy_heading_69defa8d6d33e h1 {line-height:101px; }  } .ld_fancy_heading_69defa8d6d33e h1 {--element-line-height:1.1em; } @media (min-width: 992px) { .ld_fancy_heading_69defa8d6d33e h1 {--element-line-height:101px; }  } @media (min-width: 1200px) { .ld_fancy_heading_69defa8d6d33e h1 {--element-line-height:101px; }  } .ld_fancy_heading_69defa8d6d33e h1 {font-weight:400; } .ld_fancy_heading_69defa8d6d33e h1 {margin-bottom:0px !important;  } #customtitleheader .lqd-highlight-inner{height:0.275em!important;bottom:0px!important;}@media (min-width: 768px) { .ld_fancy_heading_69defa8d6d33e h1 {font-size:8vw; }  } @media (min-width: 992px) { .ld_fancy_heading_69defa8d6d33e h1 {font-size:86px; }  } @media (min-width: 1200px) { .ld_fancy_heading_69defa8d6d33e h1 {font-size:76px; }  } .ld_fancy_heading_69defa8d6d33e h1 {line-height:1.1em; } @media (min-width: 992px) { .ld_fancy_heading_69defa8d6d33e h1 {line-height:101px; }  } @media (min-width: 1200px) { .ld_fancy_heading_69defa8d6d33e h1 {line-height:101px; }  } .ld_fancy_heading_69defa8d6d33e h1 {--element-line-height:1.1em; } @media (min-width: 992px) { .ld_fancy_heading_69defa8d6d33e h1 {--element-line-height:101px; }  } @media (min-width: 1200px) { .ld_fancy_heading_69defa8d6d33e h1 {--element-line-height:101px; }  } .ld_fancy_heading_69defa8d6d33e h1 {font-weight:400; } .ld_fancy_heading_69defa8d6d33e h1 {margin-bottom:0px !important;  } <\/style><div id=\"customtitleheader\" class=\"ld-fancy-heading text-left z-index-2 ld_fancy_heading_69defa8d6d33e\">\n\t<h1 class=\"ld-fh-element lqd-highlight-underline lqd-highlight-grow-left text-decoration-default\"   >  Te gustar\u00eda ser.<br \/>\n<u>uno de los nuestros?<\/u><\/h1><\/div>[vc_row_inner content_placement=\u00bbbottom\u00bb responsive_css=\u00bbmargin_top_large:-180px|padding_top_large:100px\u00bb][vc_column_inner width=\u00bb1\/2&#8243;]<style>@media (min-width: 1200px) { .ld_fancy_heading_69defa8d6da53 p {font-size:17px; }  } @media (min-width: 1200px) { .ld_fancy_heading_69defa8d6da53 p {line-height:34px; }  } @media (min-width: 1200px) { .ld_fancy_heading_69defa8d6da53 p {--element-line-height:34px; }  } #textinsectionone .lqd-highlight-inner{height:0.275em!important;bottom:0px!important;}@media (min-width: 1200px) { .ld_fancy_heading_69defa8d6da53 p {font-size:17px; }  } @media (min-width: 1200px) { .ld_fancy_heading_69defa8d6da53 p {line-height:34px; }  } @media (min-width: 1200px) { .ld_fancy_heading_69defa8d6da53 p {--element-line-height:34px; }  } <\/style><div id=\"textinsectionone\" class=\"ld-fancy-heading text-left ld_fancy_heading_69defa8d6da53\">\n\t<p class=\"ld-fh-element lqd-highlight-underline lqd-highlight-grow-left text-decoration-default\"   >  A be medi\u00e0tic, nos esforzamos por favorecer la creatividad y el compa\u00f1erismo. Cada proyecto es un nuevo reto que implica nuevos aprendizajes. Desde la humildad y la sensibilidad, perseguimos la excelencia sin dejar de tener los pies en el suelo. Nos gusta sentirnos parte del equipo de nuestros clientes y que ellos se sientan como en casa. Nuestra zona de confort es no tener zona de confort&#8230; y, \u00bft\u00fa, cu\u00e1l es la tuya?<\/p><\/div><style>@media (min-width: 1200px) { .ld_fancy_heading_69defa8d6dc68 p {font-size:17px; }  } @media (min-width: 1200px) { .ld_fancy_heading_69defa8d6dc68 p {line-height:34px; }  } @media (min-width: 1200px) { .ld_fancy_heading_69defa8d6dc68 p {--element-line-height:34px; }  } .ld_fancy_heading_69defa8d6dc68 .lqd-highlight-inner{height:0.275em!important;bottom:0px!important;}@media (min-width: 1200px) { .ld_fancy_heading_69defa8d6dc68 p {font-size:17px; }  } @media (min-width: 1200px) { .ld_fancy_heading_69defa8d6dc68 p {line-height:34px; }  } @media (min-width: 1200px) { .ld_fancy_heading_69defa8d6dc68 p {--element-line-height:34px; }  } <\/style><div class=\"ld-fancy-heading text-left ld_fancy_heading_69defa8d6dc68\">\n\t<\/div>[\/vc_column_inner][vc_column_inner width=\u00bb1\/2&#8243;][vc_single_image image=\u00bb10995&#8243; img_size=\u00bblarge\u00bb][\/vc_column_inner][\/vc_row_inner][\/vc_column][\/vc_row][vc_row responsive_css=\u00bbpadding_top_large:100px|padding_bottom_large:100px\u00bb][vc_column]<style>#custominnertextwithicons h2{color:rgb(0, 0, 0);}@media (min-width: 1200px) { .ld_fancy_heading_69defa8d6ddf8 h2 {font-size:32px; }  } @media (min-width: 1200px) { .ld_fancy_heading_69defa8d6ddf8 h2 {line-height:34px; }  } @media (min-width: 1200px) { .ld_fancy_heading_69defa8d6ddf8 h2 {--element-line-height:34px; }  } .ld_fancy_heading_69defa8d6ddf8 h2 {padding-bottom:100px !important;  } #custominnertextwithicons .lqd-highlight-inner{height:0.275em!important;bottom:0px!important;}@media (min-width: 1200px) { .ld_fancy_heading_69defa8d6ddf8 h2 {font-size:32px; }  } @media (min-width: 1200px) { .ld_fancy_heading_69defa8d6ddf8 h2 {line-height:34px; }  } @media (min-width: 1200px) { .ld_fancy_heading_69defa8d6ddf8 h2 {--element-line-height:34px; }  } .ld_fancy_heading_69defa8d6ddf8 h2 {padding-bottom:100px !important;  } <\/style><div id=\"custominnertextwithicons\" class=\"ld-fancy-heading text-center ld_fancy_heading_69defa8d6ddf8\">\n\t<h2 class=\"ld-fh-element lqd-highlight-underline lqd-highlight-grow-left text-decoration-default\"   >  Env\u00edanos tu CV y especifica si es para una posici\u00f3n, unas pr\u00e1cticas o colaboraciones <img decoding=\"async\" class=\"alignnone size-full wp-image-11038\" src=\"https:\/\/www.bemediatic.com\/wp-content\/uploads\/2022\/08\/backhand-index-pointing-down_light-skin-tone_1f447-1f3fb_1f3fb.png\" alt=\"\" width=\"45\" height=\"45\"><\/h2><\/div>[vc_separator color=\u00bbcustom\u00bb css=\u00bb.vc_custom_1653823277751{margin-top: 50px !important;margin-bottom: 50px !important;}\u00bb accent_color=\u00bb#707070&#8243;][vc_separator color=\u00bbcustom\u00bb css=\u00bb.vc_custom_1653823277751{margin-top: 50px !important;margin-bottom: 50px !important;}\u00bb accent_color=\u00bb#707070&#8243;][\/vc_column][\/vc_row][vc_row css=\u00bb.vc_custom_1653820448593{background-color: #000000 !important;}\u00bb][vc_column css=\u00bb.vc_custom_1653820614941{margin-top: -60px !important;background-color: #ffffff !important;}\u00bb]<style>.ld_cf7_69defa8d6df8c input[type=\"submit\"]{background:rgb(252, 215, 52);color:rgb(0, 0, 0);border-color:rgb(252, 215, 52);}.ld_cf7_69defa8d6df8c input, .ld_cf7_69defa8d6df8c select, .ld_cf7_69defa8d6df8c textarea, .ld_cf7_69defa8d6df8c .ui-button.ui-selectmenu-button, .ld_cf7_69defa8d6df8c .wpcf7-form-control-wrap > i, .ld_cf7_69defa8d6df8c .wpcf7-radio{color:rgb(0, 0, 0);}.ld_cf7_69defa8d6df8c input, .ld_cf7_69defa8d6df8c select, .ld_cf7_69defa8d6df8c textarea, .ld_cf7_69defa8d6df8c .ui-button.ui-selectmenu-button, .ld_cf7_69defa8d6df8c .wpcf7-acceptance .wpcf7-list-item-label:before{border-color:rgb(0, 0, 0);}.ld_cf7_69defa8d6df8c input[type=\"submit\"]:focus,.ld_cf7_69defa8d6df8c input[type=\"submit\"]:hover{background:rgb(0, 0, 0);}.ld_cf7_69defa8d6df8c input[type=\"submit\"]:hover{color:rgb(255, 255, 255);border-color:rgb(0, 0, 0);}<\/style><div id=\"ld_cf7_69defa8d6df8c\" class=\"lqd-contact-form lqd-contact-form-button-block borde-inferior ld_cf7_69defa8d6df8c vc_custom_1679414882100\">\n\t\n<div class=\"wpcf7 no-js\" id=\"wpcf7-f13797-o1\" lang=\"en-US\" dir=\"ltr\">\n<div class=\"screen-reader-response\"><p role=\"status\" aria-live=\"polite\" aria-atomic=\"true\"><\/p> <ul><\/ul><\/div>\n<form action=\"\/es\/wp-json\/wp\/v2\/pages\/13732#wpcf7-f13797-o1\" method=\"post\" class=\"wpcf7-form init\" aria-label=\"Contact form\" enctype=\"multipart\/form-data\" novalidate=\"novalidate\" data-status=\"init\">\n<div style=\"display: none;\">\n<input type=\"hidden\" name=\"_wpcf7\" value=\"13797\" \/>\n<input type=\"hidden\" name=\"_wpcf7_version\" value=\"5.7.4\" \/>\n<input type=\"hidden\" name=\"_wpcf7_locale\" value=\"en_US\" \/>\n<input type=\"hidden\" name=\"_wpcf7_unit_tag\" value=\"wpcf7-f13797-o1\" \/>\n<input type=\"hidden\" name=\"_wpcf7_container_post\" value=\"0\" \/>\n<input type=\"hidden\" name=\"_wpcf7_posted_data_hash\" value=\"\" \/>\n<input type=\"hidden\" name=\"_wpcf7_recaptcha_response\" value=\"\" \/>\n<\/div>\n<div class=\"row\">\n\t<div class=\"col-sm-6\">\n\t\t<p><span class=\"wpcf7-form-control-wrap\" data-name=\"text-852\"><input size=\"40\" class=\"wpcf7-form-control wpcf7-text wpcf7-validates-as-required\" aria-required=\"true\" aria-invalid=\"false\" placeholder=\"Tu nombre\" value=\"\" type=\"text\" name=\"text-852\" \/><\/span>\n\t\t<\/p>\n\t<\/div>\n\t<div class=\"col-sm-6\">\n\t\t<p><span class=\"wpcf7-form-control-wrap\" data-name=\"email-20\"><input size=\"40\" class=\"wpcf7-form-control wpcf7-text wpcf7-email wpcf7-validates-as-required wpcf7-validates-as-email\" aria-required=\"true\" aria-invalid=\"false\" placeholder=\"Tu email\" value=\"\" type=\"email\" name=\"email-20\" \/><\/span>\n\t\t<\/p>\n\t<\/div>\n\t<div class=\"col-sm-6\">\n\t\t<p><span class=\"wpcf7-form-control-wrap\" data-name=\"tel-414\"><input size=\"40\" class=\"wpcf7-form-control wpcf7-text wpcf7-tel wpcf7-validates-as-tel\" aria-invalid=\"false\" placeholder=\"Tu tel\u00e9fono\" value=\"\" type=\"tel\" name=\"tel-414\" \/><\/span>\n\t\t<\/p>\n\t<\/div>\n\t<div class=\"col-sm-6\">\n\t\t<p><span class=\"wpcf7-form-control-wrap\" data-name=\"text-842\"><input size=\"40\" class=\"wpcf7-form-control wpcf7-text wpcf7-validates-as-required\" aria-required=\"true\" aria-invalid=\"false\" placeholder=\"URL portfolio o LinkedIn\" value=\"\" type=\"text\" name=\"text-842\" \/><\/span>\n\t\t<\/p>\n\t<\/div>\n\t<div class=\"col-xs-12\">\n\t\t<p><span class=\"wpcf7-form-control-wrap\" data-name=\"textarea-283\"><textarea cols=\"10\" rows=\"5\" class=\"wpcf7-form-control wpcf7-textarea wpcf7-validates-as-required\" aria-required=\"true\" aria-invalid=\"false\" placeholder=\"\u00a1Expl\u00edcanos algo sobre ti!\" name=\"textarea-283\"><\/textarea><\/span>\n\t\t<\/p>\n\t<\/div>\n\t<div class=\"col-sm-12\">\n\t\t<p>Adjuntar CV\n\t\t<\/p>\n\t<\/div>\n\t<div class=\"col-xs-12\">\n\t\t<p><span class=\"wpcf7-form-control-wrap\" data-name=\"file-983\"><input size=\"40\" class=\"wpcf7-form-control wpcf7-file\" accept=\"audio\/*,video\/*,image\/*\" aria-invalid=\"false\" type=\"file\" name=\"file-983\" \/><\/span>\n\t\t<\/p>\n\t<\/div>\n\t<p><label class=\"customspacingform\"><span class=\"wpcf7-form-control-wrap\" data-name=\"acceptance-363\"><span class=\"wpcf7-form-control wpcf7-acceptance\"><span class=\"wpcf7-list-item\"><label><input type=\"checkbox\" name=\"acceptance-363\" value=\"1\" aria-invalid=\"false\" \/><span class=\"wpcf7-list-item-label\">*He le\u00eddo y acepto la Pol\u00edtica de Privacidad<\/span><\/label><\/span><\/span><\/span><\/label>\n\t<\/p>\n<\/div>\n<div class=\"col-xs-12\">\n\t<p><input class=\"wpcf7-form-control has-spinner wpcf7-submit\" type=\"submit\" value=\"\u2014 Env\u00edanos tu mensaje\" \/>\n\t<\/p>\n<\/div>\n<div class=\"wpcf7-response-output\" aria-hidden=\"true\"><\/div>\n<\/form>\n<\/div>\n<\/div>[\/vc_column][\/vc_row]<\/p>\n","protected":false},"excerpt":{"rendered":"<p>[vc_row luminosity=\u00bblight\u00bb bg_position=\u00bbcustom\u00bb css=\u00bb.vc_custom_1676475298282{padding-top: 140px !important;padding-bottom: 140px !important;background-color: #ffffff !important;background-position: 0 0 !important;background-repeat: no-repeat !important;}\u00bb responsive_css=\u00bbpadding_top_medium:175px\u00bb bg_pos_h=\u00bb0%\u00bb bg_pos_v=\u00bb100px\u00bb el_id=\u00bbsectiononeinjobs\u00bb][vc_column responsive_align=\u00bbtext-center\u00bb el_class=\u00bbz-index-2&#8243;][vc_row_inner content_placement=\u00bbbottom\u00bb responsive_css=\u00bbmargin_top_large:-180px|padding_top_large:100px\u00bb][vc_column_inner width=\u00bb1\/2&#8243;][\/vc_column_inner][vc_column_inner width=\u00bb1\/2&#8243;][vc_single_image image=\u00bb10995&#8243; img_size=\u00bblarge\u00bb][\/vc_column_inner][\/vc_row_inner][\/vc_column][\/vc_row][vc_row responsive_css=\u00bbpadding_top_large:100px|padding_bottom_large:100px\u00bb][vc_column][vc_separator color=\u00bbcustom\u00bb css=\u00bb.vc_custom_1653823277751{margin-top: 50px !important;margin-bottom: 50px !important;}\u00bb accent_color=\u00bb#707070&#8243;][vc_separator color=\u00bbcustom\u00bb css=\u00bb.vc_custom_1653823277751{margin-top: 50px !important;margin-bottom: 50px !important;}\u00bb accent_color=\u00bb#707070&#8243;][\/vc_column][\/vc_row][vc_row css=\u00bb.vc_custom_1653820448593{background-color: #000000 !important;}\u00bb][vc_column css=\u00bb.vc_custom_1653820614941{margin-top: -60px !important;background-color: #ffffff !important;}\u00bb][\/vc_column][\/vc_row]<\/p>\n","protected":false},"author":2,"featured_media":0,"parent":0,"menu_order":0,"comment_status":"closed","ping_status":"closed","template":"","meta":{"footnotes":""},"class_list":["post-13732","page","type-page","status-publish","hentry"],"yoast_head":"<!-- This site is optimized with the Yoast SEO plugin v20.2.1 - https:\/\/yoast.com\/wordpress\/plugins\/seo\/ -->\n<title>Jobs - be medi\u00e0tic<\/title>\n<meta name=\"robots\" content=\"noindex, nofollow\" \/>\n<meta property=\"og:locale\" content=\"es_ES\" \/>\n<meta property=\"og:type\" content=\"article\" \/>\n<meta property=\"og:title\" content=\"Jobs - be medi\u00e0tic\" \/>\n<meta property=\"og:description\" content=\"[vc_row luminosity=\u00bblight\u00bb bg_position=\u00bbcustom\u00bb css=\u00bb.vc_custom_1676475298282{padding-top: 140px !important;padding-bottom: 140px !important;background-color: #ffffff !important;background-position: 0 0 !important;background-repeat: no-repeat !important;}\u00bb responsive_css=\u00bbpadding_top_medium:175px\u00bb bg_pos_h=\u00bb0%\u00bb bg_pos_v=\u00bb100px\u00bb el_id=\u00bbsectiononeinjobs\u00bb][vc_column responsive_align=\u00bbtext-center\u00bb el_class=\u00bbz-index-2&#8243;][vc_row_inner content_placement=\u00bbbottom\u00bb responsive_css=\u00bbmargin_top_large:-180px|padding_top_large:100px\u00bb][vc_column_inner width=\u00bb1\/2&#8243;][\/vc_column_inner][vc_column_inner width=\u00bb1\/2&#8243;][vc_single_image image=\u00bb10995&#8243; img_size=\u00bblarge\u00bb][\/vc_column_inner][\/vc_row_inner][\/vc_column][\/vc_row][vc_row responsive_css=\u00bbpadding_top_large:100px|padding_bottom_large:100px\u00bb][vc_column][vc_separator color=\u00bbcustom\u00bb css=\u00bb.vc_custom_1653823277751{margin-top: 50px !important;margin-bottom: 50px !important;}\u00bb accent_color=\u00bb#707070&#8243;][vc_separator color=\u00bbcustom\u00bb css=\u00bb.vc_custom_1653823277751{margin-top: 50px !important;margin-bottom: 50px !important;}\u00bb accent_color=\u00bb#707070&#8243;][\/vc_column][\/vc_row][vc_row css=\u00bb.vc_custom_1653820448593{background-color: #000000 !important;}\u00bb][vc_column css=\u00bb.vc_custom_1653820614941{margin-top: -60px !important;background-color: #ffffff !important;}\u00bb][\/vc_column][\/vc_row]\" \/>\n<meta property=\"og:url\" content=\"https:\/\/www.bemediatic.com\/es\/jobs\/\" \/>\n<meta property=\"og:site_name\" content=\"be medi\u00e0tic\" \/>\n<meta property=\"article:modified_time\" content=\"2023-03-21T16:08:06+00:00\" \/>\n<meta property=\"og:image\" content=\"https:\/\/www.bemediatic.com\/wp-content\/uploads\/2022\/08\/backhand-index-pointing-down_light-skin-tone_1f447-1f3fb_1f3fb.png\" \/>\n<meta name=\"twitter:card\" content=\"summary_large_image\" \/>\n<meta name=\"twitter:label1\" content=\"Tiempo de lectura\" \/>\n\t<meta name=\"twitter:data1\" content=\"2 minutos\" \/>\n<script type=\"application\/ld+json\" class=\"yoast-schema-graph\">{\"@context\":\"https:\/\/schema.org\",\"@graph\":[{\"@type\":\"WebPage\",\"@id\":\"https:\/\/www.bemediatic.com\/es\/jobs\/\",\"url\":\"https:\/\/www.bemediatic.com\/es\/jobs\/\",\"name\":\"Jobs - be medi\u00e0tic\",\"isPartOf\":{\"@id\":\"https:\/\/www.bemediatic.com\/es\/#website\"},\"datePublished\":\"2022-05-29T10:29:17+00:00\",\"dateModified\":\"2023-03-21T16:08:06+00:00\",\"breadcrumb\":{\"@id\":\"https:\/\/www.bemediatic.com\/es\/jobs\/#breadcrumb\"},\"inLanguage\":\"es\",\"potentialAction\":[{\"@type\":\"ReadAction\",\"target\":[\"https:\/\/www.bemediatic.com\/es\/jobs\/\"]}]},{\"@type\":\"BreadcrumbList\",\"@id\":\"https:\/\/www.bemediatic.com\/es\/jobs\/#breadcrumb\",\"itemListElement\":[{\"@type\":\"ListItem\",\"position\":1,\"name\":\"Portada\",\"item\":\"https:\/\/www.bemediatic.com\/es\/\"},{\"@type\":\"ListItem\",\"position\":2,\"name\":\"Jobs\"}]},{\"@type\":\"WebSite\",\"@id\":\"https:\/\/www.bemediatic.com\/es\/#website\",\"url\":\"https:\/\/www.bemediatic.com\/es\/\",\"name\":\"be medi\u00e0tic\",\"description\":\"\",\"publisher\":{\"@id\":\"https:\/\/www.bemediatic.com\/es\/#organization\"},\"alternateName\":\"mediatic\",\"potentialAction\":[{\"@type\":\"SearchAction\",\"target\":{\"@type\":\"EntryPoint\",\"urlTemplate\":\"https:\/\/www.bemediatic.com\/es\/?s={search_term_string}\"},\"query-input\":\"required name=search_term_string\"}],\"inLanguage\":\"es\"},{\"@type\":\"Organization\",\"@id\":\"https:\/\/www.bemediatic.com\/es\/#organization\",\"name\":\"be medi\u00e0tic\",\"alternateName\":\"mediatic\",\"url\":\"https:\/\/www.bemediatic.com\/es\/\",\"logo\":{\"@type\":\"ImageObject\",\"inLanguage\":\"es\",\"@id\":\"https:\/\/www.bemediatic.com\/es\/#\/schema\/logo\/image\/\",\"url\":\"https:\/\/www.bemediatic.com\/wp-content\/uploads\/2023\/02\/be-mediatic.jpg\",\"contentUrl\":\"https:\/\/www.bemediatic.com\/wp-content\/uploads\/2023\/02\/be-mediatic.jpg\",\"width\":200,\"height\":200,\"caption\":\"be medi\u00e0tic\"},\"image\":{\"@id\":\"https:\/\/www.bemediatic.com\/es\/#\/schema\/logo\/image\/\"},\"sameAs\":[\"https:\/\/www.instagram.com\/bemediatic\/\",\"https:\/\/linkedin.com\/company\/bemediatic\",\"https:\/\/www.behance.net\/bemediatic\"]}]}<\/script>\n<!-- \/ Yoast SEO plugin. -->","yoast_head_json":{"title":"Jobs - be medi\u00e0tic","robots":{"index":"noindex","follow":"nofollow"},"og_locale":"es_ES","og_type":"article","og_title":"Jobs - be medi\u00e0tic","og_description":"[vc_row luminosity=\u00bblight\u00bb bg_position=\u00bbcustom\u00bb css=\u00bb.vc_custom_1676475298282{padding-top: 140px !important;padding-bottom: 140px !important;background-color: #ffffff !important;background-position: 0 0 !important;background-repeat: no-repeat !important;}\u00bb responsive_css=\u00bbpadding_top_medium:175px\u00bb bg_pos_h=\u00bb0%\u00bb bg_pos_v=\u00bb100px\u00bb el_id=\u00bbsectiononeinjobs\u00bb][vc_column responsive_align=\u00bbtext-center\u00bb el_class=\u00bbz-index-2&#8243;][vc_row_inner content_placement=\u00bbbottom\u00bb responsive_css=\u00bbmargin_top_large:-180px|padding_top_large:100px\u00bb][vc_column_inner width=\u00bb1\/2&#8243;][\/vc_column_inner][vc_column_inner width=\u00bb1\/2&#8243;][vc_single_image image=\u00bb10995&#8243; img_size=\u00bblarge\u00bb][\/vc_column_inner][\/vc_row_inner][\/vc_column][\/vc_row][vc_row responsive_css=\u00bbpadding_top_large:100px|padding_bottom_large:100px\u00bb][vc_column][vc_separator color=\u00bbcustom\u00bb css=\u00bb.vc_custom_1653823277751{margin-top: 50px !important;margin-bottom: 50px !important;}\u00bb accent_color=\u00bb#707070&#8243;][vc_separator color=\u00bbcustom\u00bb css=\u00bb.vc_custom_1653823277751{margin-top: 50px !important;margin-bottom: 50px !important;}\u00bb accent_color=\u00bb#707070&#8243;][\/vc_column][\/vc_row][vc_row css=\u00bb.vc_custom_1653820448593{background-color: #000000 !important;}\u00bb][vc_column css=\u00bb.vc_custom_1653820614941{margin-top: -60px !important;background-color: #ffffff !important;}\u00bb][\/vc_column][\/vc_row]","og_url":"https:\/\/www.bemediatic.com\/es\/jobs\/","og_site_name":"be medi\u00e0tic","article_modified_time":"2023-03-21T16:08:06+00:00","og_image":[{"url":"https:\/\/www.bemediatic.com\/wp-content\/uploads\/2022\/08\/backhand-index-pointing-down_light-skin-tone_1f447-1f3fb_1f3fb.png"}],"twitter_card":"summary_large_image","twitter_misc":{"Tiempo de lectura":"2 minutos"},"schema":{"@context":"https:\/\/schema.org","@graph":[{"@type":"WebPage","@id":"https:\/\/www.bemediatic.com\/es\/jobs\/","url":"https:\/\/www.bemediatic.com\/es\/jobs\/","name":"Jobs - be medi\u00e0tic","isPartOf":{"@id":"https:\/\/www.bemediatic.com\/es\/#website"},"datePublished":"2022-05-29T10:29:17+00:00","dateModified":"2023-03-21T16:08:06+00:00","breadcrumb":{"@id":"https:\/\/www.bemediatic.com\/es\/jobs\/#breadcrumb"},"inLanguage":"es","potentialAction":[{"@type":"ReadAction","target":["https:\/\/www.bemediatic.com\/es\/jobs\/"]}]},{"@type":"BreadcrumbList","@id":"https:\/\/www.bemediatic.com\/es\/jobs\/#breadcrumb","itemListElement":[{"@type":"ListItem","position":1,"name":"Portada","item":"https:\/\/www.bemediatic.com\/es\/"},{"@type":"ListItem","position":2,"name":"Jobs"}]},{"@type":"WebSite","@id":"https:\/\/www.bemediatic.com\/es\/#website","url":"https:\/\/www.bemediatic.com\/es\/","name":"be medi\u00e0tic","description":"","publisher":{"@id":"https:\/\/www.bemediatic.com\/es\/#organization"},"alternateName":"mediatic","potentialAction":[{"@type":"SearchAction","target":{"@type":"EntryPoint","urlTemplate":"https:\/\/www.bemediatic.com\/es\/?s={search_term_string}"},"query-input":"required name=search_term_string"}],"inLanguage":"es"},{"@type":"Organization","@id":"https:\/\/www.bemediatic.com\/es\/#organization","name":"be medi\u00e0tic","alternateName":"mediatic","url":"https:\/\/www.bemediatic.com\/es\/","logo":{"@type":"ImageObject","inLanguage":"es","@id":"https:\/\/www.bemediatic.com\/es\/#\/schema\/logo\/image\/","url":"https:\/\/www.bemediatic.com\/wp-content\/uploads\/2023\/02\/be-mediatic.jpg","contentUrl":"https:\/\/www.bemediatic.com\/wp-content\/uploads\/2023\/02\/be-mediatic.jpg","width":200,"height":200,"caption":"be medi\u00e0tic"},"image":{"@id":"https:\/\/www.bemediatic.com\/es\/#\/schema\/logo\/image\/"},"sameAs":["https:\/\/www.instagram.com\/bemediatic\/","https:\/\/linkedin.com\/company\/bemediatic","https:\/\/www.behance.net\/bemediatic"]}]}},"_links":{"self":[{"href":"https:\/\/www.bemediatic.com\/es\/wp-json\/wp\/v2\/pages\/13732","targetHints":{"allow":["GET"]}}],"collection":[{"href":"https:\/\/www.bemediatic.com\/es\/wp-json\/wp\/v2\/pages"}],"about":[{"href":"https:\/\/www.bemediatic.com\/es\/wp-json\/wp\/v2\/types\/page"}],"author":[{"embeddable":true,"href":"https:\/\/www.bemediatic.com\/es\/wp-json\/wp\/v2\/users\/2"}],"replies":[{"embeddable":true,"href":"https:\/\/www.bemediatic.com\/es\/wp-json\/wp\/v2\/comments?post=13732"}],"version-history":[{"count":2,"href":"https:\/\/www.bemediatic.com\/es\/wp-json\/wp\/v2\/pages\/13732\/revisions"}],"predecessor-version":[{"id":13798,"href":"https:\/\/www.bemediatic.com\/es\/wp-json\/wp\/v2\/pages\/13732\/revisions\/13798"}],"wp:attachment":[{"href":"https:\/\/www.bemediatic.com\/es\/wp-json\/wp\/v2\/media?parent=13732"}],"curies":[{"name":"wp","href":"https:\/\/api.w.org\/{rel}","templated":true}]}}